{"id":331,"date":"2011-12-09T22:14:43","date_gmt":"2011-12-09T21:14:43","guid":{"rendered":"http:\/\/www.tomazsink.com\/?page_id=331"},"modified":"2026-03-18T10:47:06","modified_gmt":"2026-03-18T10:47:06","slug":"coaching","status":"publish","type":"page","link":"https:\/\/www.tomazsink.com\/sl\/coaching\/","title":{"rendered":"Online trenerstvo"},"content":{"rendered":"<div data-elementor-type=\"wp-page\" data-elementor-id=\"331\" class=\"elementor elementor-331\">\n\t\t\t\t<div class=\"elementor-element elementor-element-730db6c5 e-flex e-con-boxed e-con e-parent\" data-id=\"730db6c5\" data-element_type=\"container\" data-e-type=\"container\">\n\t\t\t\t\t<div class=\"e-con-inner\">\n\t\t\t\t<div class=\"elementor-element elementor-element-1a8fd38 elementor-widget elementor-widget-text-editor\" data-id=\"1a8fd38\" data-element_type=\"widget\" data-e-type=\"widget\" data-widget_type=\"text-editor.default\">\n\t\t\t\t<div class=\"elementor-widget-container\">\n\t\t\t\t\t\t\t\t\t<figure><a href=\"https:\/\/www.tomazsink.com\/sl\/files\/2024\/03\/IRONMAN-Certified-Coach-Tomaz-Sink.png\/\"><img decoding=\"async\" class=\"alignright\" style=\"object-fit: cover;width: 150px;height: 150px\" src=\"https:\/\/www.tomazsink.com\/files\/2024\/03\/IRONMAN-Certified-Coach-Tomaz-Sink-1020x1024.png\" alt=\"\"><\/a><\/figure>\n<p><a href=\"https:\/\/www.tomazsink.com\/sl\/files\/2025\/10\/ESCI_Certified_Coach-1.png\/\"><img decoding=\"async\" class=\"size-medium wp-image-21312 alignleft\" src=\"https:\/\/www.tomazsink.com\/files\/2025\/10\/ESCI_Certified_Coach-1-300x145.png\" alt=\"\" width=\"300\" height=\"145\" srcset=\"https:\/\/www.tomazsink.com\/files\/2025\/10\/ESCI_Certified_Coach-1-300x145.png 300w, https:\/\/www.tomazsink.com\/files\/2025\/10\/ESCI_Certified_Coach-1-1024x495.png 1024w, https:\/\/www.tomazsink.com\/files\/2025\/10\/ESCI_Certified_Coach-1-768x371.png 768w, https:\/\/www.tomazsink.com\/files\/2025\/10\/ESCI_Certified_Coach-1-18x9.png 18w, https:\/\/www.tomazsink.com\/files\/2025\/10\/ESCI_Certified_Coach-1-800x387.png 800w, https:\/\/www.tomazsink.com\/files\/2025\/10\/ESCI_Certified_Coach-1-1000x483.png 1000w, https:\/\/www.tomazsink.com\/files\/2025\/10\/ESCI_Certified_Coach-1.png 1200w\" sizes=\"(max-width: 300px) 100vw, 300px\" \/><\/a>Uporabljam <a href=\"http:\/\/www.tridot.com\" target=\"_blank\" rel=\"noreferrer noopener\">TriDot<\/a> platformo za podatkovno optimiziran triatlonski trening. TriDot optimizira trening program tako, da trening ni osnovan na osebni filozofiji trenerja, teorijah ali na tem, kar je morda delovalo zanje. TriDot uporablja tehnologijo za tisto, kar tehnologija najbolje zna - analiziranje podatkov!&nbsp;<\/p>\n<p><!-- \/wp:image --><!-- wp:paragraph {\"fontSize\":\"medium\"} --><\/p>\n<p><\/p>\n<p><!-- \/wp:paragraph --><!-- wp:paragraph {\"metadata\":{\"name\":\"TriDot\"},\"fontSize\":\"medium\"} --><\/p>\n<h2 style=\"text-align: center\">PROGRAMI TRENINGOV TRIATLONA<\/h2>\n<p><!-- \/wp:paragraph --><!-- wp:image {\"id\":351,\"sizeSlug\":\"large\",\"linkDestination\":\"media\"} --><\/p>\n<figure><\/figure>\n<p><!-- \/wp:image --><\/p>\t\t\t\t\t\t\t\t<\/div>\n\t\t\t\t<\/div>\n\t\t\t\t\t<\/div>\n\t\t\t\t<\/div>\n\t\t<div class=\"elementor-element elementor-element-5639c85 e-grid e-con-boxed e-con e-parent\" data-id=\"5639c85\" data-element_type=\"container\" data-e-type=\"container\">\n\t\t\t\t\t<div class=\"e-con-inner\">\n\t\t\t\t<div class=\"elementor-element elementor-element-9ba2d5d elementor-widget elementor-widget-text-editor\" data-id=\"9ba2d5d\" data-element_type=\"widget\" data-e-type=\"widget\" data-widget_type=\"text-editor.default\">\n\t\t\t\t<div class=\"elementor-widget-container\">\n\t\t\t\t\t\t\t\t\t<h4 class=\"heading-style-h3-2 text-color-white pricing-heading\" style=\"text-align: center\"><strong>LIFESTYLE<\/strong><strong>\u00a0 \u00a0 \u00a0 \u00a0\u00a0<\/strong><\/h4>\n<p style=\"text-align: center\"><strong>\u20ac14.99\/mesec<\/strong><\/p>\n<p style=\"text-align: center\"><strong>Za rekrativne triatlonce v sprint in olimpijski razdalji\u00a0 \u00a0 \u00a0 \u00a0 \u00a0 \u00a0 \u00a0 \u00a0 \u00a0 \u00a0 \u00a0 \u00a0 \u00a0 \u00a0 \u00a0 \u00a0 \u00a0 \u00a0 \u00a0 \u00a0 \u00a0 \u00a0 \u00a0 \u00a0 \u00a0<\/strong><\/p>\n<p><span style=\"color: #99cc00\"><img decoding=\"async\" class=\"emoji\" role=\"img\" src=\"https:\/\/s.w.org\/images\/core\/emoji\/15.0.3\/svg\/2714.svg\" alt=\"\u2714\" \/><\/span>\u00a0Planiranje za 1 triatlon kratke razdalje<\/p>\n<p><img decoding=\"async\" class=\"emoji\" role=\"img\" src=\"https:\/\/s.w.org\/images\/core\/emoji\/15.0.3\/svg\/2714.svg\" alt=\"\u2714\" \/> Vklju\u010dena RaceX aplikacija (predvidevanja \u010dasa na tekmi, plan za tempiranje tempa na tekmi)<\/p>\n<p><img decoding=\"async\" class=\"emoji\" role=\"img\" src=\"https:\/\/s.w.org\/images\/core\/emoji\/15.0.3\/svg\/2714.svg\" alt=\"\u2714\" \/>\u00a0Optimiziran program treninga<\/p>\n<p><img decoding=\"async\" class=\"emoji\" role=\"img\" src=\"https:\/\/s.w.org\/images\/core\/emoji\/15.0.3\/svg\/2714.svg\" alt=\"\u2714\" \/> Videi o vajah, izvedbah treninga<\/p>\n<p><img decoding=\"async\" class=\"emoji\" role=\"img\" src=\"https:\/\/s.w.org\/images\/core\/emoji\/15.0.3\/svg\/2714.svg\" alt=\"\u2714\" \/> Dinami\u010dne cone oz. vadbena obmo\u010dja treningov<\/p>\n<p><img decoding=\"async\" class=\"emoji\" role=\"img\" src=\"https:\/\/s.w.org\/images\/core\/emoji\/15.0.3\/svg\/2714.svg\" alt=\"\u2714\" \/> Normalizacija treninga glede na okoljske variable (temperatura, vi\u0161ina, ..)<\/p>\t\t\t\t\t\t\t\t<\/div>\n\t\t\t\t<\/div>\n\t\t\t\t<div class=\"elementor-element elementor-element-fbd2418 elementor-widget elementor-widget-text-editor\" data-id=\"fbd2418\" data-element_type=\"widget\" data-e-type=\"widget\" data-widget_type=\"text-editor.default\">\n\t\t\t\t<div class=\"elementor-widget-container\">\n\t\t\t\t\t\t\t\t\t<h4 style=\"text-align: center\"><strong>ESSENTIALS<\/strong><\/h4>\n<p style=\"text-align: center\"><strong>\u20ac29\/mesec<\/strong><\/p>\n<p style=\"text-align: center\"><strong>Od za\u010detnikov do naprednih triatloncev vse do Ironman razdalj<\/strong><\/p>\n<p><img decoding=\"async\" class=\"emoji\" role=\"img\" src=\"https:\/\/s.w.org\/images\/core\/emoji\/15.0.3\/svg\/2714.svg\" alt=\"\u2714\" \/> Planiranje do 3 triatlonov vseh razdalj<\/p>\n<p><img decoding=\"async\" class=\"emoji\" role=\"img\" src=\"https:\/\/s.w.org\/images\/core\/emoji\/15.0.3\/svg\/2714.svg\" alt=\"\u2714\" \/> Vklju\u010dena RaceX aplikacija (predvidevanja \u010dasa na tekmi, plan za tempiranje tempa na tekmi)<\/p>\n<p><img decoding=\"async\" class=\"emoji\" role=\"img\" src=\"https:\/\/s.w.org\/images\/core\/emoji\/15.0.3\/svg\/2714.svg\" alt=\"\u2714\" \/>\u00a0Optimiziran program treninga<\/p>\n<p><img decoding=\"async\" class=\"emoji\" role=\"img\" src=\"https:\/\/s.w.org\/images\/core\/emoji\/15.0.3\/svg\/2714.svg\" alt=\"\u2714\" \/> Videi o vajah, izvedbah treninga<\/p>\n<p><img decoding=\"async\" class=\"emoji\" role=\"img\" src=\"https:\/\/s.w.org\/images\/core\/emoji\/15.0.3\/svg\/2714.svg\" alt=\"\u2714\" \/> Dinami\u010dne cone oz. vadbena obmo\u010dja treningov<\/p>\n<p><img decoding=\"async\" class=\"emoji\" role=\"img\" src=\"https:\/\/s.w.org\/images\/core\/emoji\/15.0.3\/svg\/2714.svg\" alt=\"\u2714\" \/> Normalizacija treninga glede na okoljske variable (temperatura, vi\u0161ina, ..)<\/p>\n<p><img decoding=\"async\" class=\"emoji\" role=\"img\" src=\"https:\/\/s.w.org\/images\/core\/emoji\/15.0.3\/svg\/2714.svg\" alt=\"\u2714\" \/> Mo\u017enost prilagajanja programa<\/p>\t\t\t\t\t\t\t\t<\/div>\n\t\t\t\t<\/div>\n\t\t\t\t<div class=\"elementor-element elementor-element-9c118ee elementor-widget elementor-widget-text-editor\" data-id=\"9c118ee\" data-element_type=\"widget\" data-e-type=\"widget\" data-widget_type=\"text-editor.default\">\n\t\t\t\t<div class=\"elementor-widget-container\">\n\t\t\t\t\t\t\t\t\t<h4 style=\"text-align: center\"><strong>COMPLETE<\/strong><\/h4>\n<p style=\"text-align: center\"><strong>\u20ac89\/mesec<\/strong><\/p>\n<p style=\"text-align: center\"><strong>Od naprednih do visoko tekmovalnih triatloncev<\/strong><\/p>\n<p><img decoding=\"async\" class=\"emoji\" role=\"img\" src=\"https:\/\/s.w.org\/images\/core\/emoji\/15.0.3\/svg\/2714.svg\" alt=\"\u2714\" \/> Paniranje  neomejeno tekem vseh razdalj<\/p>\n<p><img decoding=\"async\" class=\"emoji\" role=\"img\" src=\"https:\/\/s.w.org\/images\/core\/emoji\/15.0.3\/svg\/2714.svg\" alt=\"\u2714\" \/> Vklju\u010dena RaceX aplikacija (predvidevanja \u010dasa na tekmi, plan za tempiranje tempa na tekmi)<\/p>\n<p><img decoding=\"async\" class=\"emoji\" role=\"img\" src=\"https:\/\/s.w.org\/images\/core\/emoji\/15.0.3\/svg\/2714.svg\" alt=\"\u2714\" \/>\u00a0Optimiziran program treninga<\/p>\n<p><img decoding=\"async\" class=\"emoji\" role=\"img\" src=\"https:\/\/s.w.org\/images\/core\/emoji\/15.0.3\/svg\/2714.svg\" alt=\"\u2714\" \/> Videi o vajah, izvedbah treninga<\/p>\n<p><img decoding=\"async\" class=\"emoji\" role=\"img\" src=\"https:\/\/s.w.org\/images\/core\/emoji\/15.0.3\/svg\/2714.svg\" alt=\"\u2714\" \/> Dinami\u010dne cone oz. vadbena obmo\u010dja treningov<\/p>\n<p><img decoding=\"async\" class=\"emoji\" role=\"img\" src=\"https:\/\/s.w.org\/images\/core\/emoji\/15.0.3\/svg\/2714.svg\" alt=\"\u2714\" \/> Normalizacija treninga glede na okoljske variable (temperatura, vi\u0161ina, ..)<\/p>\n<p><img decoding=\"async\" class=\"emoji\" role=\"img\" src=\"https:\/\/s.w.org\/images\/core\/emoji\/15.0.3\/svg\/2714.svg\" alt=\"\u2714\" \/> Mo\u017enost prilagajanja programa<\/p>\n<p><img decoding=\"async\" class=\"emoji\" role=\"img\" src=\"https:\/\/s.w.org\/images\/core\/emoji\/15.0.3\/svg\/2714.svg\" alt=\"\u2714\" \/> Dnevno prejemanje e-maila s planom treninga za ta dan.<\/p>\n<p><img decoding=\"async\" class=\"emoji\" role=\"img\" src=\"https:\/\/s.w.org\/images\/core\/emoji\/15.0.3\/svg\/2714.svg\" alt=\"\u2714\" \/> Trening za mo\u010d*<\/p>\t\t\t\t\t\t\t\t<\/div>\n\t\t\t\t<\/div>\n\t\t\t\t<div class=\"elementor-element elementor-element-12c3a25 elementor-widget elementor-widget-text-editor\" data-id=\"12c3a25\" data-element_type=\"widget\" data-e-type=\"widget\" data-widget_type=\"text-editor.default\">\n\t\t\t\t<div class=\"elementor-widget-container\">\n\t\t\t\t\t\t\t\t\t<h4 style=\"text-align: center\"><strong>LEGENDS<\/strong><\/h4>\n<p style=\"text-align: center\"><strong>\u20ac129\/mesec<\/strong><\/p>\n<p style=\"text-align: center\"><strong>Vse kar vklju\u010duje COMPLETE program + ekskluzivni videi in navodila o treningu s strani triatlonskih legend (Mark Allen, Craig Alexander, Michellie Jones, Mirinda Carfrae, Tim O\u2019Donnell, Mike Reilly).<\/strong><\/p>\n<p><img decoding=\"async\" class=\"emoji\" role=\"img\" src=\"https:\/\/s.w.org\/images\/core\/emoji\/15.0.3\/svg\/2714.svg\" alt=\"\u2714\" \/> Paniranje  neomejeno tekem vseh razdalj<\/p>\n<p><img decoding=\"async\" class=\"emoji\" role=\"img\" src=\"https:\/\/s.w.org\/images\/core\/emoji\/15.0.3\/svg\/2714.svg\" alt=\"\u2714\" \/> Vklju\u010dena RaceX aplikacija (predvidevanja \u010dasa na tekmi, plan za tempiranje tempa na tekmi)<\/p>\n<p><img decoding=\"async\" class=\"emoji\" role=\"img\" src=\"https:\/\/s.w.org\/images\/core\/emoji\/15.0.3\/svg\/2714.svg\" alt=\"\u2714\" \/>\u00a0Optimiziran program treninga<\/p>\n<p><img decoding=\"async\" class=\"emoji\" role=\"img\" src=\"https:\/\/s.w.org\/images\/core\/emoji\/15.0.3\/svg\/2714.svg\" alt=\"\u2714\" \/> Videi o vajah, izvedbah treninga<\/p>\n<p><img decoding=\"async\" class=\"emoji\" role=\"img\" src=\"https:\/\/s.w.org\/images\/core\/emoji\/15.0.3\/svg\/2714.svg\" alt=\"\u2714\" \/> Dinami\u010dne cone oz. vadbena obmo\u010dja treningov<\/p>\n<p><img decoding=\"async\" class=\"emoji\" role=\"img\" src=\"https:\/\/s.w.org\/images\/core\/emoji\/15.0.3\/svg\/2714.svg\" alt=\"\u2714\" \/> Normalizacija treninga glede na okoljske variable (temperatura, vi\u0161ina, ..)<\/p>\n<p><img decoding=\"async\" class=\"emoji\" role=\"img\" src=\"https:\/\/s.w.org\/images\/core\/emoji\/15.0.3\/svg\/2714.svg\" alt=\"\u2714\" \/> Exclusive Mark Allen instructional videos and coaching insights<\/p>\n<p><img decoding=\"async\" class=\"emoji\" role=\"img\" src=\"https:\/\/s.w.org\/images\/core\/emoji\/15.0.3\/svg\/2714.svg\" alt=\"\u2714\" \/> Mo\u017enost prilagajanja programa<\/p>\n<p><img decoding=\"async\" class=\"emoji\" role=\"img\" src=\"https:\/\/s.w.org\/images\/core\/emoji\/15.0.3\/svg\/2714.svg\" alt=\"\u2714\" \/> Dnevno prejemanje e-maila s planom treninga za ta dan.<\/p>\n<p><img decoding=\"async\" class=\"emoji\" role=\"img\" src=\"https:\/\/s.w.org\/images\/core\/emoji\/15.0.3\/svg\/2714.svg\" alt=\"\u2714\" \/> Trening za mo\u010d*<\/p>\t\t\t\t\t\t\t\t<\/div>\n\t\t\t\t<\/div>\n\t\t\t\t<div class=\"elementor-element elementor-element-26499f0 elementor-widget elementor-widget-text-editor\" data-id=\"26499f0\" data-element_type=\"widget\" data-e-type=\"widget\" data-widget_type=\"text-editor.default\">\n\t\t\t\t<div class=\"elementor-widget-container\">\n\t\t\t\t\t\t\t\t\t<h4 style=\"text-align: center\"><strong>PREMIUM<\/strong><\/h4>\n<p style=\"text-align: center\"><strong>\u20ac150\/mesec (vpra\u0161aj za popust)<\/strong><\/p>\n<p style=\"text-align: center\"><strong>Vse kar vklju\u010duje LEGENDS program + podpora trenerja s sprotno komunikacijo<\/strong><\/p>\n<p>Vse funkcije programa LEGENDS + podpora s strani trenerja<\/p>\t\t\t\t\t\t\t\t<\/div>\n\t\t\t\t<\/div>\n\t\t\t\t\t<\/div>\n\t\t\t\t<\/div>\n\t\t<div class=\"elementor-element elementor-element-52d3576 e-flex e-con-boxed e-con e-parent\" data-id=\"52d3576\" data-element_type=\"container\" data-e-type=\"container\">\n\t\t\t\t\t<div class=\"e-con-inner\">\n\t\t\t\t<div class=\"elementor-element elementor-element-6106c46 elementor-widget elementor-widget-text-editor\" data-id=\"6106c46\" data-element_type=\"widget\" data-e-type=\"widget\" data-widget_type=\"text-editor.default\">\n\t\t\t\t<div class=\"elementor-widget-container\">\n\t\t\t\t\t\t\t\t\t<figure style=\"font-size: 13px;font-weight: 400\"><\/figure>\n<p style=\"font-size: 13px;font-weight: 400\">Prva 2 tedna brezpla\u010dno, mese\u010dno pla\u010dilo, prekine\u0161 lahko kadarkoli:\u00a0<strong style=\"font-size: 13px\"><a style=\"font-size: 13px\" href=\"https:\/\/app.tridot.com\/onboard\/sign-up\/tomazsink\" target=\"_blank\" rel=\"noopener\">Prijavi se tukaj, prva dva tedna brezpla\u010dno.<\/a><\/strong><\/p>\n<p style=\"font-size: 13px;font-weight: 400\">\u010ce bi rad najprej preizkusil platformo, se lahko prijavi\u0161 brezpla\u010dno za 2 meseca, brez obveznosti po koncu testnega obdobja:\u00a0<a style=\"font-size: revert\" href=\"https:\/\/app.tridot.com\/onboard\/sign-up\/tomazsink?type=83&amp;sub=58\" target=\"_blank\" rel=\"noopener\"><strong style=\"font-size: 13px\">Prijavi se za 2 meseca brezpla\u010dne uporabe<\/strong><\/a><\/p>\n<p style=\"font-size: 13px;font-weight: 400\">\u00a0<a style=\"font-size: 13px\" title=\"Kontakt\" href=\"https:\/\/www.tomazsink.com\/sl\/contact\/\">Pi\u0161i mi<\/a>\u00a0za ve\u010d informacij<\/p>\t\t\t\t\t\t\t\t<\/div>\n\t\t\t\t<\/div>\n\t\t\t\t\t<\/div>\n\t\t\t\t<\/div>\n\t\t\t\t<\/div>","protected":false},"excerpt":{"rendered":"<p>I use TriDot training platform for data optimized triathlon training plans. TriDot optimizes training programs so training isn\u2019t based on a coach\u2019s personal philosophy, theories, or what may have worked for them TriDot uses technology to do what technology does best, analyze data.&nbsp; TRIATHLON TRAINING PLANS LIFESTYLE\u00a0 \u00a0 \u00a0 \u00a0\u00a0 \u20ac14.99\/month For recreational Sprint or [&hellip;]<\/p>\n","protected":false},"author":4,"featured_media":351,"parent":0,"menu_order":0,"comment_status":"closed","ping_status":"open","template":"","meta":{"_monsterinsights_skip_tracking":false,"_monsterinsights_sitenote_active":false,"_monsterinsights_sitenote_note":"","_monsterinsights_sitenote_category":0,"jetpack_post_was_ever_published":false,"footnotes":""},"class_list":["post-331","page","type-page","status-publish","has-post-thumbnail","hentry"],"yoast_head":"<!-- This site is optimized with the Yoast SEO plugin v27.4 - https:\/\/yoast.com\/product\/yoast-seo-wordpress\/ -->\n<title>Online Coaching - Toma\u017e \u0160ink<\/title>\n<meta name=\"description\" content=\"Ironman triathlon coaching\" \/>\n<meta name=\"robots\" content=\"index, follow, max-snippet:-1, max-image-preview:large, max-video-preview:-1\" \/>\n<link rel=\"canonical\" href=\"https:\/\/www.tomazsink.com\/sl\/coaching\/\" \/>\n<meta property=\"og:locale\" content=\"sl_SI\" \/>\n<meta property=\"og:type\" content=\"article\" \/>\n<meta property=\"og:title\" content=\"Online Coaching - Toma\u017e \u0160ink\" \/>\n<meta property=\"og:description\" content=\"Ironman triathlon coaching\" \/>\n<meta property=\"og:url\" content=\"https:\/\/www.tomazsink.com\/sl\/coaching\/\" \/>\n<meta property=\"og:site_name\" content=\"Toma\u017e \u0160ink\" \/>\n<meta property=\"article:modified_time\" content=\"2026-03-18T10:47:06+00:00\" \/>\n<meta property=\"og:image\" content=\"https:\/\/www.tomazsink.com\/files\/2011\/12\/0034_036821.jpg\" \/>\n\t<meta property=\"og:image:width\" content=\"1152\" \/>\n\t<meta property=\"og:image:height\" content=\"1728\" \/>\n\t<meta property=\"og:image:type\" content=\"image\/jpeg\" \/>\n<meta name=\"twitter:label1\" content=\"Est. reading time\" \/>\n\t<meta name=\"twitter:data1\" content=\"9 minut\" \/>\n<script type=\"application\/ld+json\" class=\"yoast-schema-graph\">{\"@context\":\"https:\\\/\\\/schema.org\",\"@graph\":[{\"@type\":\"WebPage\",\"@id\":\"https:\\\/\\\/www.tomazsink.com\\\/en\\\/coaching\\\/\",\"url\":\"https:\\\/\\\/www.tomazsink.com\\\/en\\\/coaching\\\/\",\"name\":\"Online Coaching - Toma\u017e \u0160ink\",\"isPartOf\":{\"@id\":\"http:\\\/\\\/www.tomazsink.com\\\/en\\\/#website\"},\"primaryImageOfPage\":{\"@id\":\"https:\\\/\\\/www.tomazsink.com\\\/en\\\/coaching\\\/#primaryimage\"},\"image\":{\"@id\":\"https:\\\/\\\/www.tomazsink.com\\\/en\\\/coaching\\\/#primaryimage\"},\"thumbnailUrl\":\"https:\\\/\\\/www.tomazsink.com\\\/files\\\/2011\\\/12\\\/0034_036821.jpg\",\"datePublished\":\"2011-12-09T21:14:43+00:00\",\"dateModified\":\"2026-03-18T10:47:06+00:00\",\"description\":\"Ironman triathlon coaching\",\"breadcrumb\":{\"@id\":\"https:\\\/\\\/www.tomazsink.com\\\/en\\\/coaching\\\/#breadcrumb\"},\"inLanguage\":\"sl-SI\",\"potentialAction\":[{\"@type\":\"ReadAction\",\"target\":[\"https:\\\/\\\/www.tomazsink.com\\\/en\\\/coaching\\\/\"]}]},{\"@type\":\"ImageObject\",\"inLanguage\":\"sl-SI\",\"@id\":\"https:\\\/\\\/www.tomazsink.com\\\/en\\\/coaching\\\/#primaryimage\",\"url\":\"https:\\\/\\\/www.tomazsink.com\\\/files\\\/2011\\\/12\\\/0034_036821.jpg\",\"contentUrl\":\"https:\\\/\\\/www.tomazsink.com\\\/files\\\/2011\\\/12\\\/0034_036821.jpg\",\"width\":1152,\"height\":1728},{\"@type\":\"BreadcrumbList\",\"@id\":\"https:\\\/\\\/www.tomazsink.com\\\/en\\\/coaching\\\/#breadcrumb\",\"itemListElement\":[{\"@type\":\"ListItem\",\"position\":1,\"name\":\"Home\",\"item\":\"http:\\\/\\\/www.tomazsink.com\\\/en\\\/\"},{\"@type\":\"ListItem\",\"position\":2,\"name\":\"Online Coaching\"}]},{\"@type\":\"WebSite\",\"@id\":\"http:\\\/\\\/www.tomazsink.com\\\/en\\\/#website\",\"url\":\"http:\\\/\\\/www.tomazsink.com\\\/en\\\/\",\"name\":\"Toma\u017e \u0160ink\",\"description\":\"Triathlon training\",\"potentialAction\":[{\"@type\":\"SearchAction\",\"target\":{\"@type\":\"EntryPoint\",\"urlTemplate\":\"http:\\\/\\\/www.tomazsink.com\\\/en\\\/?s={search_term_string}\"},\"query-input\":{\"@type\":\"PropertyValueSpecification\",\"valueRequired\":true,\"valueName\":\"search_term_string\"}}],\"inLanguage\":\"sl-SI\"}]}<\/script>\n<!-- \/ Yoast SEO plugin. -->","yoast_head_json":{"title":"Online Coaching - Toma\u017e \u0160ink","description":"Ironman triathlon coaching","robots":{"index":"index","follow":"follow","max-snippet":"max-snippet:-1","max-image-preview":"max-image-preview:large","max-video-preview":"max-video-preview:-1"},"canonical":"https:\/\/www.tomazsink.com\/sl\/coaching\/","og_locale":"sl_SI","og_type":"article","og_title":"Online Coaching - Toma\u017e \u0160ink","og_description":"Ironman triathlon coaching","og_url":"https:\/\/www.tomazsink.com\/sl\/coaching\/","og_site_name":"Toma\u017e \u0160ink","article_modified_time":"2026-03-18T10:47:06+00:00","og_image":[{"width":1152,"height":1728,"url":"https:\/\/www.tomazsink.com\/files\/2011\/12\/0034_036821.jpg","type":"image\/jpeg"}],"twitter_misc":{"Est. reading time":"9 minut"},"schema":{"@context":"https:\/\/schema.org","@graph":[{"@type":"WebPage","@id":"https:\/\/www.tomazsink.com\/en\/coaching\/","url":"https:\/\/www.tomazsink.com\/en\/coaching\/","name":"Online Coaching - Toma\u017e \u0160ink","isPartOf":{"@id":"http:\/\/www.tomazsink.com\/en\/#website"},"primaryImageOfPage":{"@id":"https:\/\/www.tomazsink.com\/en\/coaching\/#primaryimage"},"image":{"@id":"https:\/\/www.tomazsink.com\/en\/coaching\/#primaryimage"},"thumbnailUrl":"https:\/\/www.tomazsink.com\/files\/2011\/12\/0034_036821.jpg","datePublished":"2011-12-09T21:14:43+00:00","dateModified":"2026-03-18T10:47:06+00:00","description":"Ironman triathlon coaching","breadcrumb":{"@id":"https:\/\/www.tomazsink.com\/en\/coaching\/#breadcrumb"},"inLanguage":"sl-SI","potentialAction":[{"@type":"ReadAction","target":["https:\/\/www.tomazsink.com\/en\/coaching\/"]}]},{"@type":"ImageObject","inLanguage":"sl-SI","@id":"https:\/\/www.tomazsink.com\/en\/coaching\/#primaryimage","url":"https:\/\/www.tomazsink.com\/files\/2011\/12\/0034_036821.jpg","contentUrl":"https:\/\/www.tomazsink.com\/files\/2011\/12\/0034_036821.jpg","width":1152,"height":1728},{"@type":"BreadcrumbList","@id":"https:\/\/www.tomazsink.com\/en\/coaching\/#breadcrumb","itemListElement":[{"@type":"ListItem","position":1,"name":"Home","item":"http:\/\/www.tomazsink.com\/en\/"},{"@type":"ListItem","position":2,"name":"Online Coaching"}]},{"@type":"WebSite","@id":"http:\/\/www.tomazsink.com\/en\/#website","url":"http:\/\/www.tomazsink.com\/en\/","name":"Toma\u017e \u0160ink","description":"Triathlon training","potentialAction":[{"@type":"SearchAction","target":{"@type":"EntryPoint","urlTemplate":"http:\/\/www.tomazsink.com\/en\/?s={search_term_string}"},"query-input":{"@type":"PropertyValueSpecification","valueRequired":true,"valueName":"search_term_string"}}],"inLanguage":"sl-SI"}]}},"jetpack_sharing_enabled":false,"jetpack_shortlink":"https:\/\/wp.me\/P21IRS-5l","_links":{"self":[{"href":"https:\/\/www.tomazsink.com\/sl\/wp-json\/wp\/v2\/pages\/331","targetHints":{"allow":["GET"]}}],"collection":[{"href":"https:\/\/www.tomazsink.com\/sl\/wp-json\/wp\/v2\/pages"}],"about":[{"href":"https:\/\/www.tomazsink.com\/sl\/wp-json\/wp\/v2\/types\/page"}],"author":[{"embeddable":true,"href":"https:\/\/www.tomazsink.com\/sl\/wp-json\/wp\/v2\/users\/4"}],"replies":[{"embeddable":true,"href":"https:\/\/www.tomazsink.com\/sl\/wp-json\/wp\/v2\/comments?post=331"}],"version-history":[{"count":48,"href":"https:\/\/www.tomazsink.com\/sl\/wp-json\/wp\/v2\/pages\/331\/revisions"}],"predecessor-version":[{"id":24523,"href":"https:\/\/www.tomazsink.com\/sl\/wp-json\/wp\/v2\/pages\/331\/revisions\/24523"}],"wp:featuredmedia":[{"embeddable":true,"href":"https:\/\/www.tomazsink.com\/sl\/wp-json\/wp\/v2\/media\/351"}],"wp:attachment":[{"href":"https:\/\/www.tomazsink.com\/sl\/wp-json\/wp\/v2\/media?parent=331"}],"curies":[{"name":"wp","href":"https:\/\/api.w.org\/{rel}","templated":true}]}}